{"id":512,"date":"2018-07-11T19:20:47","date_gmt":"2018-07-12T00:20:47","guid":{"rendered":"https:\/\/www.idaho-negocios.org\/?page_id=512"},"modified":"2019-02-01T10:39:54","modified_gmt":"2019-02-01T16:39:54","slug":"aviso-de-privacidad","status":"publish","type":"page","link":"https:\/\/www.idaho-negocios.org\/us\/informacion-legal\/aviso-de-privacidad\/","title":{"rendered":"Privacy Notice"},"content":{"rendered":"<h2>Aviso de privacidad<\/h2>\n<p>Con fundamento en los art\u00edculos 15 y 16 de la Ley Federal de Protecci\u00f3n de Datos Personales en Posesi\u00f3n de Particulares hacemos de su conocimiento que La Oficina Comercial del Estado de Idaho en M\u00e9xico, con domicilio en Av. J. Barros Sierra 540 TA-P5 01210 CDMX, Mexico es responsable de recabar sus datos personales, del uso que se le d\u00e9 a los mismos y de su protecci\u00f3n.<\/p>\n<p>Su informaci\u00f3n personal ser\u00e1 utilizada para las siguientes finalidades: proveer los servicios y productos que ha solicitado; notificarle sobre nuevos servicios o productos que tengan relaci\u00f3n con los ya contratados o adquiridos; comunicarle sobre cambios en los mismos; elaborar estudios y programas que son necesarios para determinar h\u00e1bitos de consumo; realizar evaluaciones peri\u00f3dicas de nuestros productos y servicios a efecto de mejorar la calidad de los mismos; evaluar la calidad del servicio que brindamos, y en general, para dar cumplimiento a las obligaciones que hemos contra\u00eddo con usted.<\/p>\n<p>Para las finalidades antes mencionadas, requerimos obtener los siguientes datos personales:<\/p>\n<ul>\n<li>Nombre completo<\/li>\n<li>Tel\u00e9fono fijo y\/o celular<\/li>\n<li>Correo electr\u00f3nico<\/li>\n<\/ul>\n<p>Es importante informarle que usted tiene derecho al Acceso, Rectificaci\u00f3n y Cancelaci\u00f3n de sus datos personales, a Oponerse al tratamiento de los mismos o a revocar el consentimiento que para dicho fin nos haya otorgado.<\/p>\n<p>Para ello, es necesario que env\u00ede la solicitud en los t\u00e9rminos que marca la Ley en su Art. 29 a Fabiola McClellan, responsable de nuestro Departamento de Protecci\u00f3n de Datos Personales, ubicado en Av. J. Barros Sierra 540 TA-P5 01210 CDMX, Mexico, o bien, v\u00eda correo electr\u00f3nico a fabiola.idaho@attendmi.com, el cual solicitamos confirme v\u00eda telef\u00f3nica para garantizar su correcta recepci\u00f3n.<\/p>\n<p>En caso de que no desee de recibir mensajes promocionales de nuestra parte, puede enviarnos su solicitud por medio de la direcci\u00f3n electr\u00f3nica: fabiola.idaho@attendmi.com<\/p>\n<p>Importante: Cualquier modificaci\u00f3n a este Aviso de Privacidad podr\u00e1 consultarlo en https:\/\/www.idaho-negocios.org\/legal\/<\/p>\n<p class=\"note\">Fecha de \u00faltima actualizaci\u00f3n: 25\/10\/2018<\/p>\n","protected":false},"excerpt":{"rendered":"<p>Aviso de privacidad Con fundamento en los art\u00edculos 15 y 16 de la Ley Federal de Protecci\u00f3n de Datos Personales en Posesi\u00f3n de Particulares hacemos de su conocimiento que La Oficina Comercial del Estado de Idaho en M\u00e9xico, con domicilio en Av. J. Barros Sierra 540 TA-P5 01210 CDMX, Mexico es responsable de recabar sus [&hellip;]<\/p>\n","protected":false},"author":1,"featured_media":0,"parent":508,"menu_order":22,"comment_status":"closed","ping_status":"closed","template":"","meta":{"_exactmetrics_skip_tracking":false,"_exactmetrics_sitenote_active":false,"_exactmetrics_sitenote_note":"","_exactmetrics_sitenote_category":0,"footnotes":""},"class_list":["post-512","page","type-page","status-publish","hentry"],"yoast_head":"<!-- This site is optimized with the Yoast SEO plugin v25.4 - https:\/\/yoast.com\/wordpress\/plugins\/seo\/ -->\n<title>Privacy Notice - Business at Idaho<\/title>\n<meta name=\"robots\" content=\"index, follow, max-snippet:-1, max-image-preview:large, max-video-preview:-1\" \/>\n<link rel=\"canonical\" href=\"https:\/\/www.idaho-negocios.org\/informacion-legal\/aviso-de-privacidad\/\" \/>\n<meta property=\"og:locale\" content=\"en_US\" \/>\n<meta property=\"og:type\" content=\"article\" \/>\n<meta property=\"og:title\" content=\"[:mx]Aviso de Privacidad[:us]Privacy Notice[:] - Business at Idaho\" \/>\n<meta property=\"og:description\" content=\"Aviso de privacidad Con fundamento en los art\u00edculos 15 y 16 de la Ley Federal de Protecci\u00f3n de Datos Personales en Posesi\u00f3n de Particulares hacemos de su conocimiento que La Oficina Comercial del Estado de Idaho en M\u00e9xico, con domicilio en Av. J. Barros Sierra 540 TA-P5 01210 CDMX, Mexico es responsable de recabar sus [&hellip;]\" \/>\n<meta property=\"og:url\" content=\"https:\/\/www.idaho-negocios.org\/informacion-legal\/aviso-de-privacidad\/\" \/>\n<meta property=\"og:site_name\" content=\"Business at Idaho\" \/>\n<meta property=\"article:modified_time\" content=\"2019-02-01T16:39:54+00:00\" \/>\n<meta name=\"twitter:card\" content=\"summary_large_image\" \/>\n<meta name=\"twitter:label1\" content=\"Est. reading time\" \/>\n\t<meta name=\"twitter:data1\" content=\"2 minutes\" \/>\n<script type=\"application\/ld+json\" class=\"yoast-schema-graph\">{\"@context\":\"https:\/\/schema.org\",\"@graph\":[{\"@type\":\"WebPage\",\"@id\":\"https:\/\/www.idaho-negocios.org\/informacion-legal\/aviso-de-privacidad\/\",\"url\":\"https:\/\/www.idaho-negocios.org\/informacion-legal\/aviso-de-privacidad\/\",\"name\":\"[:mx]Aviso de Privacidad[:us]Privacy Notice[:] - Business at Idaho\",\"isPartOf\":{\"@id\":\"https:\/\/www.idaho-negocios.org\/#website\"},\"datePublished\":\"2018-07-12T00:20:47+00:00\",\"dateModified\":\"2019-02-01T16:39:54+00:00\",\"breadcrumb\":{\"@id\":\"https:\/\/www.idaho-negocios.org\/informacion-legal\/aviso-de-privacidad\/#breadcrumb\"},\"inLanguage\":\"en-US\",\"potentialAction\":[{\"@type\":\"ReadAction\",\"target\":[\"https:\/\/www.idaho-negocios.org\/informacion-legal\/aviso-de-privacidad\/\"]}]},{\"@type\":\"BreadcrumbList\",\"@id\":\"https:\/\/www.idaho-negocios.org\/informacion-legal\/aviso-de-privacidad\/#breadcrumb\",\"itemListElement\":[{\"@type\":\"ListItem\",\"position\":1,\"name\":\"Inicio\",\"item\":\"https:\/\/www.idaho-negocios.org\/\"},{\"@type\":\"ListItem\",\"position\":2,\"name\":\"Informaci\u00f3n legal\",\"item\":\"https:\/\/www.idaho-negocios.org\/informacion-legal\/\"},{\"@type\":\"ListItem\",\"position\":3,\"name\":\"Aviso de Privacidad\"}]},{\"@type\":\"WebSite\",\"@id\":\"https:\/\/www.idaho-negocios.org\/#website\",\"url\":\"https:\/\/www.idaho-negocios.org\/\",\"name\":\"Business at Idaho\",\"description\":\"Bringing Idaho to the World, and the World to Idaho.\",\"potentialAction\":[{\"@type\":\"SearchAction\",\"target\":{\"@type\":\"EntryPoint\",\"urlTemplate\":\"https:\/\/www.idaho-negocios.org\/?s={search_term_string}\"},\"query-input\":{\"@type\":\"PropertyValueSpecification\",\"valueRequired\":true,\"valueName\":\"search_term_string\"}}],\"inLanguage\":\"en-US\"}]}<\/script>\n<!-- \/ Yoast SEO plugin. -->","yoast_head_json":{"title":"[:mx]Aviso de Privacidad[:us]Privacy Notice[:] - Business at Idaho","robots":{"index":"index","follow":"follow","max-snippet":"max-snippet:-1","max-image-preview":"max-image-preview:large","max-video-preview":"max-video-preview:-1"},"canonical":"https:\/\/www.idaho-negocios.org\/informacion-legal\/aviso-de-privacidad\/","og_locale":"en_US","og_type":"article","og_title":"[:mx]Aviso de Privacidad[:us]Privacy Notice[:] - Business at Idaho","og_description":"Aviso de privacidad Con fundamento en los art\u00edculos 15 y 16 de la Ley Federal de Protecci\u00f3n de Datos Personales en Posesi\u00f3n de Particulares hacemos de su conocimiento que La Oficina Comercial del Estado de Idaho en M\u00e9xico, con domicilio en Av. J. Barros Sierra 540 TA-P5 01210 CDMX, Mexico es responsable de recabar sus [&hellip;]","og_url":"https:\/\/www.idaho-negocios.org\/informacion-legal\/aviso-de-privacidad\/","og_site_name":"Business at Idaho","article_modified_time":"2019-02-01T16:39:54+00:00","twitter_card":"summary_large_image","twitter_misc":{"Est. reading time":"2 minutes"},"schema":{"@context":"https:\/\/schema.org","@graph":[{"@type":"WebPage","@id":"https:\/\/www.idaho-negocios.org\/informacion-legal\/aviso-de-privacidad\/","url":"https:\/\/www.idaho-negocios.org\/informacion-legal\/aviso-de-privacidad\/","name":"[:mx]Aviso de Privacidad[:us]Privacy Notice[:] - Business at Idaho","isPartOf":{"@id":"https:\/\/www.idaho-negocios.org\/#website"},"datePublished":"2018-07-12T00:20:47+00:00","dateModified":"2019-02-01T16:39:54+00:00","breadcrumb":{"@id":"https:\/\/www.idaho-negocios.org\/informacion-legal\/aviso-de-privacidad\/#breadcrumb"},"inLanguage":"en-US","potentialAction":[{"@type":"ReadAction","target":["https:\/\/www.idaho-negocios.org\/informacion-legal\/aviso-de-privacidad\/"]}]},{"@type":"BreadcrumbList","@id":"https:\/\/www.idaho-negocios.org\/informacion-legal\/aviso-de-privacidad\/#breadcrumb","itemListElement":[{"@type":"ListItem","position":1,"name":"Inicio","item":"https:\/\/www.idaho-negocios.org\/"},{"@type":"ListItem","position":2,"name":"Informaci\u00f3n legal","item":"https:\/\/www.idaho-negocios.org\/informacion-legal\/"},{"@type":"ListItem","position":3,"name":"Aviso de Privacidad"}]},{"@type":"WebSite","@id":"https:\/\/www.idaho-negocios.org\/#website","url":"https:\/\/www.idaho-negocios.org\/","name":"Business at Idaho","description":"Bringing Idaho to the World, and the World to Idaho.","potentialAction":[{"@type":"SearchAction","target":{"@type":"EntryPoint","urlTemplate":"https:\/\/www.idaho-negocios.org\/?s={search_term_string}"},"query-input":{"@type":"PropertyValueSpecification","valueRequired":true,"valueName":"search_term_string"}}],"inLanguage":"en-US"}]}},"_links":{"self":[{"href":"https:\/\/www.idaho-negocios.org\/us\/wp-json\/wp\/v2\/pages\/512","targetHints":{"allow":["GET"]}}],"collection":[{"href":"https:\/\/www.idaho-negocios.org\/us\/wp-json\/wp\/v2\/pages"}],"about":[{"href":"https:\/\/www.idaho-negocios.org\/us\/wp-json\/wp\/v2\/types\/page"}],"author":[{"embeddable":true,"href":"https:\/\/www.idaho-negocios.org\/us\/wp-json\/wp\/v2\/users\/1"}],"replies":[{"embeddable":true,"href":"https:\/\/www.idaho-negocios.org\/us\/wp-json\/wp\/v2\/comments?post=512"}],"version-history":[{"count":0,"href":"https:\/\/www.idaho-negocios.org\/us\/wp-json\/wp\/v2\/pages\/512\/revisions"}],"up":[{"embeddable":true,"href":"https:\/\/www.idaho-negocios.org\/us\/wp-json\/wp\/v2\/pages\/508"}],"wp:attachment":[{"href":"https:\/\/www.idaho-negocios.org\/us\/wp-json\/wp\/v2\/media?parent=512"}],"curies":[{"name":"wp","href":"https:\/\/api.w.org\/{rel}","templated":true}]}}